{"id":3494,"date":"2026-01-01T00:01:42","date_gmt":"2026-01-01T00:01:42","guid":{"rendered":"https:\/\/medicate.peacefulqode.com\/?page_id=3494"},"modified":"2026-04-20T21:08:16","modified_gmt":"2026-04-20T21:08:16","slug":"ayurveda","status":"publish","type":"page","link":"https:\/\/nmedicinas.pt\/pt\/ayurveda\/","title":{"rendered":"Ayurveda"},"content":{"rendered":"\t\t<div data-elementor-type=\"wp-page\" data-elementor-id=\"3494\" class=\"elementor elementor-3494\" data-elementor-post-type=\"page\">\n\t\t\t\t\t\t<div class=\"elementor-section elementor-top-section elementor-element elementor-element-5256a7e elementor-section-stretched elementor-section-boxed elementor-section-height-default elementor-section-height-default\" data-id=\"5256a7e\" data-element_type=\"section\" data-e-type=\"section\" data-settings=\"{&quot;stretch_section&quot;:&quot;section-stretched&quot;}\">\n\t\t\t\t\t\t<div class=\"elementor-container elementor-column-gap-default\">\n\t\t\t\t\t<div class=\"elementor-column elementor-col-33 elementor-top-column elementor-element elementor-element-1d1379c\" data-id=\"1d1379c\" data-element_type=\"column\" data-e-type=\"column\">\n\t\t\t<div class=\"elementor-widget-wrap elementor-element-populated\">\n\t\t\t\t\t\t<div class=\"elementor-element elementor-element-ee0a014 elementor-widget elementor-widget-sidebar\" data-id=\"ee0a014\" data-element_type=\"widget\" data-e-type=\"widget\" data-widget_type=\"sidebar.default\">\n\t\t\t\t\t<div class=\"widget widget-port\">\n<figure class=\"wp-block-image size-full is-resized is-style-default\"><a href=\"https:\/\/medicate.peacefulqode.com\/contact-us\/\"><img fetchpriority=\"high\" decoding=\"async\" fetchpriority=\"high\" width=\"600\" height=\"745\" src=\"https:\/\/medicate.peacefulqode.com\/wp-content\/uploads\/2022\/03\/call-img-1.jpg\" alt=\"\" class=\"wp-image-14443\" style=\"aspect-ratio:1;width:666px;height:auto\" srcset=\"https:\/\/nmedicinas.pt\/pt\/wp-content\/uploads\/2022\/03\/call-img-1.jpg 600w, https:\/\/nmedicinas.pt\/pt\/wp-content\/uploads\/2022\/03\/call-img-1-242x300.jpg 242w\" sizes=\"(max-width: 600px) 100vw, 600px\" \/><\/a><\/figure>\n<\/div>\t\t\t\t<\/div>\n\t\t\t\t\t<\/div>\n\t\t<\/div>\n\t\t\t\t<div class=\"elementor-column elementor-col-66 elementor-top-column elementor-element elementor-element-b67a8c8\" data-id=\"b67a8c8\" data-element_type=\"column\" data-e-type=\"column\">\n\t\t\t<div class=\"elementor-widget-wrap elementor-element-populated\">\n\t\t\t\t\t\t<div class=\"elementor-element elementor-element-74f2325 elementor-widget elementor-widget-image\" data-id=\"74f2325\" data-element_type=\"widget\" data-e-type=\"widget\" data-widget_type=\"image.default\">\n\t\t\t\t\t\t\t\t\t\t\t\t\t\t\t<img decoding=\"async\" width=\"2560\" height=\"1709\" src=\"https:\/\/nmedicinas.pt\/pt\/wp-content\/uploads\/2026\/04\/top-view-organic-dye-pigment-scaled.jpg\" class=\"attachment-full size-full wp-image-18438\" alt=\"\" srcset=\"https:\/\/nmedicinas.pt\/pt\/wp-content\/uploads\/2026\/04\/top-view-organic-dye-pigment-scaled.jpg 2560w, https:\/\/nmedicinas.pt\/pt\/wp-content\/uploads\/2026\/04\/top-view-organic-dye-pigment-300x200.jpg 300w, https:\/\/nmedicinas.pt\/pt\/wp-content\/uploads\/2026\/04\/top-view-organic-dye-pigment-1024x684.jpg 1024w, https:\/\/nmedicinas.pt\/pt\/wp-content\/uploads\/2026\/04\/top-view-organic-dye-pigment-768x513.jpg 768w, https:\/\/nmedicinas.pt\/pt\/wp-content\/uploads\/2026\/04\/top-view-organic-dye-pigment-1536x1025.jpg 1536w, https:\/\/nmedicinas.pt\/pt\/wp-content\/uploads\/2026\/04\/top-view-organic-dye-pigment-2048x1367.jpg 2048w\" sizes=\"(max-width: 2560px) 100vw, 2560px\" \/>\t\t\t\t\t\t\t\t\t\t\t\t\t\t\t<\/div>\n\t\t\t\t<div class=\"elementor-element elementor-element-6c78655 elementor-widget elementor-widget-heading\" data-id=\"6c78655\" data-element_type=\"widget\" data-e-type=\"widget\" data-widget_type=\"heading.default\">\n\t\t\t\t\t<h4 class=\"elementor-heading-title elementor-size-default\">Professional medical service of Cardiology<\/h4>\t\t\t\t<\/div>\n\t\t\t\t<div class=\"elementor-element elementor-element-1332a81 elementor-widget elementor-widget-text-editor\" data-id=\"1332a81\" data-element_type=\"widget\" data-e-type=\"widget\" data-widget_type=\"text-editor.default\">\n\t\t\t\t\t\t\t\t\t<p>A Ayurveda \u00e9 uma medicina ancestral com milhares de anos, centrada na compreens\u00e3o profunda do ser humano como um todo \u2014 corpo, mente e energia.<br data-start=\"587\" data-end=\"590\" \/>Na Nmedicinas, utilizamos a Ayurveda de forma integrada, adaptada \u00e0 realidade atual, para restaurar o equil\u00edbrio natural do organismo.<\/p>\t\t\t\t\t\t\t\t<\/div>\n\t\t\t\t<div class=\"elementor-section elementor-inner-section elementor-element elementor-element-226dd4b elementor-section-boxed elementor-section-height-default elementor-section-height-default\" data-id=\"226dd4b\" data-element_type=\"section\" data-e-type=\"section\">\n\t\t\t\t\t\t<div class=\"elementor-container elementor-column-gap-default\">\n\t\t\t\t\t<div class=\"elementor-column elementor-col-50 elementor-inner-column elementor-element elementor-element-b34d090\" data-id=\"b34d090\" data-element_type=\"column\" data-e-type=\"column\">\n\t\t\t<div class=\"elementor-widget-wrap elementor-element-populated\">\n\t\t\t\t\t\t<div class=\"elementor-element elementor-element-71dd7fc elementor-icon-list--layout-traditional elementor-list-item-link-full_width elementor-widget elementor-widget-icon-list\" data-id=\"71dd7fc\" data-element_type=\"widget\" data-e-type=\"widget\" data-widget_type=\"icon-list.default\">\n\t\t\t\t\t\t\t<ul class=\"elementor-icon-list-items\">\n\t\t\t\t\t\t\t<li class=\"elementor-icon-list-item\">\n\t\t\t\t\t\t\t\t\t\t\t<span class=\"elementor-icon-list-icon\">\n\t\t\t\t\t\t\t<svg aria-hidden=\"true\" class=\"e-font-icon-svg e-fas-check\" viewBox=\"0 0 512 512\" xmlns=\"http:\/\/www.w3.org\/2000\/svg\"><path d=\"M173.898 439.404l-166.4-166.4c-9.997-9.997-9.997-26.206 0-36.204l36.203-36.204c9.997-9.998 26.207-9.998 36.204 0L192 312.69 432.095 72.596c9.997-9.997 26.207-9.997 36.204 0l36.203 36.204c9.997 9.997 9.997 26.206 0 36.204l-294.4 294.401c-9.998 9.997-26.207 9.997-36.204-.001z\"><\/path><\/svg>\t\t\t\t\t\t<\/span>\n\t\t\t\t\t\t\t\t\t\t<span class=\"elementor-icon-list-text\">Aliquam tincidunt nisi vitae nulla molestie <\/span>\n\t\t\t\t\t\t\t\t\t<\/li>\n\t\t\t\t\t\t\t\t<li class=\"elementor-icon-list-item\">\n\t\t\t\t\t\t\t\t\t\t\t<span class=\"elementor-icon-list-icon\">\n\t\t\t\t\t\t\t<svg aria-hidden=\"true\" class=\"e-font-icon-svg e-fas-check\" viewBox=\"0 0 512 512\" xmlns=\"http:\/\/www.w3.org\/2000\/svg\"><path d=\"M173.898 439.404l-166.4-166.4c-9.997-9.997-9.997-26.206 0-36.204l36.203-36.204c9.997-9.998 26.207-9.998 36.204 0L192 312.69 432.095 72.596c9.997-9.997 26.207-9.997 36.204 0l36.203 36.204c9.997 9.997 9.997 26.206 0 36.204l-294.4 294.401c-9.998 9.997-26.207 9.997-36.204-.001z\"><\/path><\/svg>\t\t\t\t\t\t<\/span>\n\t\t\t\t\t\t\t\t\t\t<span class=\"elementor-icon-list-text\">Praesent convallis odio elementum tortor <\/span>\n\t\t\t\t\t\t\t\t\t<\/li>\n\t\t\t\t\t\t\t\t<li class=\"elementor-icon-list-item\">\n\t\t\t\t\t\t\t\t\t\t\t<span class=\"elementor-icon-list-icon\">\n\t\t\t\t\t\t\t<svg aria-hidden=\"true\" class=\"e-font-icon-svg e-fas-check\" viewBox=\"0 0 512 512\" xmlns=\"http:\/\/www.w3.org\/2000\/svg\"><path d=\"M173.898 439.404l-166.4-166.4c-9.997-9.997-9.997-26.206 0-36.204l36.203-36.204c9.997-9.998 26.207-9.998 36.204 0L192 312.69 432.095 72.596c9.997-9.997 26.207-9.997 36.204 0l36.203 36.204c9.997 9.997 9.997 26.206 0 36.204l-294.4 294.401c-9.998 9.997-26.207 9.997-36.204-.001z\"><\/path><\/svg>\t\t\t\t\t\t<\/span>\n\t\t\t\t\t\t\t\t\t\t<span class=\"elementor-icon-list-text\">Nunc molestie ex at nisi vehicula pellentesque.<\/span>\n\t\t\t\t\t\t\t\t\t<\/li>\n\t\t\t\t\t\t\t\t<li class=\"elementor-icon-list-item\">\n\t\t\t\t\t\t\t\t\t\t\t<span class=\"elementor-icon-list-icon\">\n\t\t\t\t\t\t\t<svg aria-hidden=\"true\" class=\"e-font-icon-svg e-fas-check\" viewBox=\"0 0 512 512\" xmlns=\"http:\/\/www.w3.org\/2000\/svg\"><path d=\"M173.898 439.404l-166.4-166.4c-9.997-9.997-9.997-26.206 0-36.204l36.203-36.204c9.997-9.998 26.207-9.998 36.204 0L192 312.69 432.095 72.596c9.997-9.997 26.207-9.997 36.204 0l36.203 36.204c9.997 9.997 9.997 26.206 0 36.204l-294.4 294.401c-9.998 9.997-26.207 9.997-36.204-.001z\"><\/path><\/svg>\t\t\t\t\t\t<\/span>\n\t\t\t\t\t\t\t\t\t\t<span class=\"elementor-icon-list-text\">Cras id purus faucibus, euismod metus.<\/span>\n\t\t\t\t\t\t\t\t\t<\/li>\n\t\t\t\t\t\t\t\t<li class=\"elementor-icon-list-item\">\n\t\t\t\t\t\t\t\t\t\t\t<span class=\"elementor-icon-list-icon\">\n\t\t\t\t\t\t\t<svg aria-hidden=\"true\" class=\"e-font-icon-svg e-fas-check\" viewBox=\"0 0 512 512\" xmlns=\"http:\/\/www.w3.org\/2000\/svg\"><path d=\"M173.898 439.404l-166.4-166.4c-9.997-9.997-9.997-26.206 0-36.204l36.203-36.204c9.997-9.998 26.207-9.998 36.204 0L192 312.69 432.095 72.596c9.997-9.997 26.207-9.997 36.204 0l36.203 36.204c9.997 9.997 9.997 26.206 0 36.204l-294.4 294.401c-9.998 9.997-26.207 9.997-36.204-.001z\"><\/path><\/svg>\t\t\t\t\t\t<\/span>\n\t\t\t\t\t\t\t\t\t\t<span class=\"elementor-icon-list-text\">Aenean et libero tincidunt, auctor urna.<\/span>\n\t\t\t\t\t\t\t\t\t<\/li>\n\t\t\t\t\t\t<\/ul>\n\t\t\t\t\t\t<\/div>\n\t\t\t\t\t<\/div>\n\t\t<\/div>\n\t\t\t\t<div class=\"elementor-column elementor-col-50 elementor-inner-column elementor-element elementor-element-24b01bc\" data-id=\"24b01bc\" data-element_type=\"column\" data-e-type=\"column\">\n\t\t\t<div class=\"elementor-widget-wrap elementor-element-populated\">\n\t\t\t\t\t\t<div class=\"elementor-element elementor-element-b9d6c7d elementor-icon-list--layout-traditional elementor-list-item-link-full_width elementor-widget elementor-widget-icon-list\" data-id=\"b9d6c7d\" data-element_type=\"widget\" data-e-type=\"widget\" data-widget_type=\"icon-list.default\">\n\t\t\t\t\t\t\t<ul class=\"elementor-icon-list-items\">\n\t\t\t\t\t\t\t<li class=\"elementor-icon-list-item\">\n\t\t\t\t\t\t\t\t\t\t\t<span class=\"elementor-icon-list-icon\">\n\t\t\t\t\t\t\t<svg aria-hidden=\"true\" class=\"e-font-icon-svg e-fas-check\" viewBox=\"0 0 512 512\" xmlns=\"http:\/\/www.w3.org\/2000\/svg\"><path d=\"M173.898 439.404l-166.4-166.4c-9.997-9.997-9.997-26.206 0-36.204l36.203-36.204c9.997-9.998 26.207-9.998 36.204 0L192 312.69 432.095 72.596c9.997-9.997 26.207-9.997 36.204 0l36.203 36.204c9.997 9.997 9.997 26.206 0 36.204l-294.4 294.401c-9.998 9.997-26.207 9.997-36.204-.001z\"><\/path><\/svg>\t\t\t\t\t\t<\/span>\n\t\t\t\t\t\t\t\t\t\t<span class=\"elementor-icon-list-text\">There are many variations of passages of Lorem.<\/span>\n\t\t\t\t\t\t\t\t\t<\/li>\n\t\t\t\t\t\t\t\t<li class=\"elementor-icon-list-item\">\n\t\t\t\t\t\t\t\t\t\t\t<span class=\"elementor-icon-list-icon\">\n\t\t\t\t\t\t\t<svg aria-hidden=\"true\" class=\"e-font-icon-svg e-fas-check\" viewBox=\"0 0 512 512\" xmlns=\"http:\/\/www.w3.org\/2000\/svg\"><path d=\"M173.898 439.404l-166.4-166.4c-9.997-9.997-9.997-26.206 0-36.204l36.203-36.204c9.997-9.998 26.207-9.998 36.204 0L192 312.69 432.095 72.596c9.997-9.997 26.207-9.997 36.204 0l36.203 36.204c9.997 9.997 9.997 26.206 0 36.204l-294.4 294.401c-9.998 9.997-26.207 9.997-36.204-.001z\"><\/path><\/svg>\t\t\t\t\t\t<\/span>\n\t\t\t\t\t\t\t\t\t\t<span class=\"elementor-icon-list-text\">Ipsum available, but the majority have suffered.<\/span>\n\t\t\t\t\t\t\t\t\t<\/li>\n\t\t\t\t\t\t\t\t<li class=\"elementor-icon-list-item\">\n\t\t\t\t\t\t\t\t\t\t\t<span class=\"elementor-icon-list-icon\">\n\t\t\t\t\t\t\t<svg aria-hidden=\"true\" class=\"e-font-icon-svg e-fas-check\" viewBox=\"0 0 512 512\" xmlns=\"http:\/\/www.w3.org\/2000\/svg\"><path d=\"M173.898 439.404l-166.4-166.4c-9.997-9.997-9.997-26.206 0-36.204l36.203-36.204c9.997-9.998 26.207-9.998 36.204 0L192 312.69 432.095 72.596c9.997-9.997 26.207-9.997 36.204 0l36.203 36.204c9.997 9.997 9.997 26.206 0 36.204l-294.4 294.401c-9.998 9.997-26.207 9.997-36.204-.001z\"><\/path><\/svg>\t\t\t\t\t\t<\/span>\n\t\t\t\t\t\t\t\t\t\t<span class=\"elementor-icon-list-text\">alteration in some form, by injected humour.<\/span>\n\t\t\t\t\t\t\t\t\t<\/li>\n\t\t\t\t\t\t\t\t<li class=\"elementor-icon-list-item\">\n\t\t\t\t\t\t\t\t\t\t\t<span class=\"elementor-icon-list-icon\">\n\t\t\t\t\t\t\t<svg aria-hidden=\"true\" class=\"e-font-icon-svg e-fas-check\" viewBox=\"0 0 512 512\" xmlns=\"http:\/\/www.w3.org\/2000\/svg\"><path d=\"M173.898 439.404l-166.4-166.4c-9.997-9.997-9.997-26.206 0-36.204l36.203-36.204c9.997-9.998 26.207-9.998 36.204 0L192 312.69 432.095 72.596c9.997-9.997 26.207-9.997 36.204 0l36.203 36.204c9.997 9.997 9.997 26.206 0 36.204l-294.4 294.401c-9.998 9.997-26.207 9.997-36.204-.001z\"><\/path><\/svg>\t\t\t\t\t\t<\/span>\n\t\t\t\t\t\t\t\t\t\t<span class=\"elementor-icon-list-text\">randomised words which don't look.<\/span>\n\t\t\t\t\t\t\t\t\t<\/li>\n\t\t\t\t\t\t\t\t<li class=\"elementor-icon-list-item\">\n\t\t\t\t\t\t\t\t\t\t\t<span class=\"elementor-icon-list-icon\">\n\t\t\t\t\t\t\t<svg aria-hidden=\"true\" class=\"e-font-icon-svg e-fas-check\" viewBox=\"0 0 512 512\" xmlns=\"http:\/\/www.w3.org\/2000\/svg\"><path d=\"M173.898 439.404l-166.4-166.4c-9.997-9.997-9.997-26.206 0-36.204l36.203-36.204c9.997-9.998 26.207-9.998 36.204 0L192 312.69 432.095 72.596c9.997-9.997 26.207-9.997 36.204 0l36.203 36.204c9.997 9.997 9.997 26.206 0 36.204l-294.4 294.401c-9.998 9.997-26.207 9.997-36.204-.001z\"><\/path><\/svg>\t\t\t\t\t\t<\/span>\n\t\t\t\t\t\t\t\t\t\t<span class=\"elementor-icon-list-text\">slightly believable. If you are going.<\/span>\n\t\t\t\t\t\t\t\t\t<\/li>\n\t\t\t\t\t\t<\/ul>\n\t\t\t\t\t\t<\/div>\n\t\t\t\t\t<\/div>\n\t\t<\/div>\n\t\t\t\t\t<\/div>\n\t\t<\/div>\n\t\t\t\t<div class=\"elementor-element elementor-element-3ed9ed4 elementor-widget elementor-widget-heading\" data-id=\"3ed9ed4\" data-element_type=\"widget\" data-e-type=\"widget\" data-widget_type=\"heading.default\">\n\t\t\t\t\t<h4 class=\"elementor-heading-title elementor-size-default\">O que \u00e9 a Ayurveda<br><\/h4>\t\t\t\t<\/div>\n\t\t\t\t<div class=\"elementor-element elementor-element-4b07e79 elementor-widget elementor-widget-text-editor\" data-id=\"4b07e79\" data-element_type=\"widget\" data-e-type=\"widget\" data-widget_type=\"text-editor.default\">\n\t\t\t\t\t\t\t\t\t<p>A palavra \u201cAyurveda\u201d significa \u201cci\u00eancia da vida\u201d.<br \/>\u00c9 um sistema tradicional que observa cada pessoa de forma \u00fanica, tendo em conta a sua constitui\u00e7\u00e3o, estilo de vida e desequil\u00edbrios espec\u00edficos.<\/p><p>Ao contr\u00e1rio de abordagens focadas apenas nos sintomas, a Ayurveda procura identificar e tratar a origem dos desequil\u00edbrios, promovendo uma sa\u00fade duradoura.<\/p>\t\t\t\t\t\t\t\t<\/div>\n\t\t\t\t<div class=\"elementor-section elementor-inner-section elementor-element elementor-element-eb72f53 elementor-section-boxed elementor-section-height-default elementor-section-height-default\" data-id=\"eb72f53\" data-element_type=\"section\" data-e-type=\"section\">\n\t\t\t\t\t\t<div class=\"elementor-container elementor-column-gap-default\">\n\t\t\t\t\t<div class=\"elementor-column elementor-col-100 elementor-inner-column elementor-element elementor-element-cf6fbed\" data-id=\"cf6fbed\" data-element_type=\"column\" data-e-type=\"column\">\n\t\t\t<div class=\"elementor-widget-wrap elementor-element-populated\">\n\t\t\t\t\t\t<div class=\"elementor-element elementor-element-57ea60e elementor-widget elementor-widget-image\" data-id=\"57ea60e\" data-element_type=\"widget\" data-e-type=\"widget\" data-widget_type=\"image.default\">\n\t\t\t\t\t\t\t\t\t\t\t\t\t\t\t<img decoding=\"async\" width=\"2560\" height=\"2560\" src=\"https:\/\/nmedicinas.pt\/pt\/wp-content\/uploads\/2026\/04\/10401-scaled.jpg\" class=\"attachment-full size-full wp-image-18448\" alt=\"\" srcset=\"https:\/\/nmedicinas.pt\/pt\/wp-content\/uploads\/2026\/04\/10401-scaled.jpg 2560w, https:\/\/nmedicinas.pt\/pt\/wp-content\/uploads\/2026\/04\/10401-300x300.jpg 300w, https:\/\/nmedicinas.pt\/pt\/wp-content\/uploads\/2026\/04\/10401-1024x1024.jpg 1024w, https:\/\/nmedicinas.pt\/pt\/wp-content\/uploads\/2026\/04\/10401-150x150.jpg 150w, https:\/\/nmedicinas.pt\/pt\/wp-content\/uploads\/2026\/04\/10401-768x768.jpg 768w, https:\/\/nmedicinas.pt\/pt\/wp-content\/uploads\/2026\/04\/10401-1536x1536.jpg 1536w, https:\/\/nmedicinas.pt\/pt\/wp-content\/uploads\/2026\/04\/10401-2048x2048.jpg 2048w\" sizes=\"(max-width: 2560px) 100vw, 2560px\" \/>\t\t\t\t\t\t\t\t\t\t\t\t\t\t\t<\/div>\n\t\t\t\t\t<\/div>\n\t\t<\/div>\n\t\t\t\t\t<\/div>\n\t\t<\/div>\n\t\t\t\t<div class=\"elementor-section elementor-inner-section elementor-element elementor-element-61ed4d0 elementor-section-boxed elementor-section-height-default elementor-section-height-default\" data-id=\"61ed4d0\" data-element_type=\"section\" data-e-type=\"section\">\n\t\t\t\t\t\t<div class=\"elementor-container elementor-column-gap-default\">\n\t\t\t\t\t<div class=\"elementor-column elementor-col-100 elementor-inner-column elementor-element elementor-element-4edc182\" data-id=\"4edc182\" data-element_type=\"column\" data-e-type=\"column\">\n\t\t\t<div class=\"elementor-widget-wrap elementor-element-populated\">\n\t\t\t\t\t\t<div class=\"elementor-element elementor-element-e5eb9d2 elementor-widget elementor-widget-heading\" data-id=\"e5eb9d2\" data-element_type=\"widget\" data-e-type=\"widget\" data-widget_type=\"heading.default\">\n\t\t\t\t\t<h4 class=\"elementor-heading-title elementor-size-default\">Como funciona na pr\u00e1tica<\/h4>\t\t\t\t<\/div>\n\t\t\t\t<div class=\"elementor-element elementor-element-3c233a9 elementor-widget elementor-widget-text-editor\" data-id=\"3c233a9\" data-element_type=\"widget\" data-e-type=\"widget\" data-widget_type=\"text-editor.default\">\n\t\t\t\t\t\t\t\t\t<p>Medicate is a long established fact that a reader will be distracted by the readable content of a page when looking at its layout. Lorem Ipsum is simply dummy text of the printing and typesetting industry.<\/p>\t\t\t\t\t\t\t\t<\/div>\n\t\t\t\t<div class=\"elementor-element elementor-element-d69b94b elementor-widget elementor-widget-Accordion\" data-id=\"d69b94b\" data-element_type=\"widget\" data-e-type=\"widget\" data-widget_type=\"Accordion.default\">\n\t\t\t\t<div class=\"elementor-widget-container\">\n\t\t\t\t\t    \r\n<div class=\"pt-accordion-block \" >\r\n        \r\n    <div class=\"pt-accordion-box pt-active  1\">\r\n      <div class=\"pt-ad-title\">\r\n       \r\n        <h4 class=\"ad-title-text\">         \r\n          Where Can I Go To Provide A Sample For Testing?  \r\n\r\n           \r\n        \r\n       <\/h4>\r\n\r\n      <\/div>\r\n  \r\n      <div class=\"pt-accordion-details\">\r\n        \r\n         <p class=\"pt-detail-text\"> Lorem ipsum dolor sit amet, consectetur adipiscing elit. Ut elit tellus, luctus nec ullamcorper mattis, pulvinar dapibus leo. <\/p>\r\n       \r\n      <\/div>\r\n    <\/div>\r\n         \r\n    <div class=\"pt-accordion-box   2\">\r\n      <div class=\"pt-ad-title\">\r\n       \r\n        <h4 class=\"ad-title-text\">         \r\n          What happens to my sample once I have provided it?  \r\n\r\n           \r\n        \r\n       <\/h4>\r\n\r\n      <\/div>\r\n  \r\n      <div class=\"pt-accordion-details\">\r\n        \r\n         <p class=\"pt-detail-text\"> Lorem ipsum dolor sit amet, consectetur adipiscing elit. Ut elit tellus, luctus nec ullamcorper mattis, pulvinar dapibus leo. <\/p>\r\n       \r\n      <\/div>\r\n    <\/div>\r\n         \r\n    <div class=\"pt-accordion-box   3\">\r\n      <div class=\"pt-ad-title\">\r\n       \r\n        <h4 class=\"ad-title-text\">         \r\n           What will laboratory testing cost me?  \r\n\r\n           \r\n        \r\n       <\/h4>\r\n\r\n      <\/div>\r\n  \r\n      <div class=\"pt-accordion-details\">\r\n        \r\n         <p class=\"pt-detail-text\"> Lorem ipsum dolor sit amet, consectetur adipiscing elit. Ut elit tellus, luctus nec ullamcorper mattis, pulvinar dapibus leo. <\/p>\r\n       \r\n      <\/div>\r\n    <\/div>\r\n         \r\n    <div class=\"pt-accordion-box   4\">\r\n      <div class=\"pt-ad-title\">\r\n       \r\n        <h4 class=\"ad-title-text\">         \r\n          Using Innovative Technology  \r\n\r\n           \r\n        \r\n       <\/h4>\r\n\r\n      <\/div>\r\n  \r\n      <div class=\"pt-accordion-details\">\r\n        \r\n         <p class=\"pt-detail-text\"> Lorem ipsum dolor sit amet, consectetur adipiscing elit. Ut elit tellus, luctus nec ullamcorper mattis, pulvinar dapibus leo. <\/p>\r\n       \r\n      <\/div>\r\n    <\/div>\r\n       \r\n  <\/div>\r\n          \t<script type=\"text\/javascript\">\r\n        \t\t \/*------------------------\r\n                Accordion\r\n                --------------------------*\/\r\n                jQuery('.pt-accordion-block .pt-accordion-box .pt-accordion-details').hide();\r\n                jQuery('.pt-accordion-block .pt-accordion-box:first').addClass('pt-active').children().slideDown('slow');\r\n                jQuery('.pt-accordion-block .pt-accordion-box').on(\"click\", function() {\r\n                    if (jQuery(this).children('div.pt-accordion-details').is(':hidden')) {\r\n                        jQuery('.pt-accordion-block .pt-accordion-box').removeClass('pt-active').children('div.pt-accordion-details').slideUp('slow');\r\n                        jQuery(this).toggleClass('pt-active').children('div.pt-accordion-details').slideDown('slow');\r\n                    }\r\n                });\r\n\r\n\r\n\r\n        \t<\/script>\r\n        \t\t\t\t<\/div>\n\t\t\t\t<\/div>\n\t\t\t\t\t<\/div>\n\t\t<\/div>\n\t\t\t\t\t<\/div>\n\t\t<\/div>\n\t\t\t\t\t<\/div>\n\t\t<\/div>\n\t\t\t\t\t<\/div>\n\t\t<\/div>\n\t\t\t\t<\/div>\n\t\t","protected":false},"excerpt":{"rendered":"<p>Professional medical service of Cardiology A Ayurveda \u00e9 uma medicina ancestral com milhares de anos, centrada na compreens\u00e3o profunda do ser humano como um todo \u2014 corpo, mente e energia.Na Nmedicinas, utilizamos a Ayurveda de forma integrada, adaptada \u00e0 realidade atual, para restaurar o equil\u00edbrio natural do organismo. Aliquam tincidunt nisi vitae nulla molestie Praesent [&hellip;]<\/p>\n","protected":false},"author":1,"featured_media":0,"parent":0,"menu_order":0,"comment_status":"closed","ping_status":"closed","template":"","meta":{"_acf_changed":false,"rs_blank_template":"","rs_page_bg_color":"","slide_template_v7":"","footnotes":""},"class_list":["post-3494","page","type-page","status-publish","hentry"],"acf":[],"aioseo_notices":[],"_links":{"self":[{"href":"https:\/\/nmedicinas.pt\/pt\/wp-json\/wp\/v2\/pages\/3494","targetHints":{"allow":["GET"]}}],"collection":[{"href":"https:\/\/nmedicinas.pt\/pt\/wp-json\/wp\/v2\/pages"}],"about":[{"href":"https:\/\/nmedicinas.pt\/pt\/wp-json\/wp\/v2\/types\/page"}],"author":[{"embeddable":true,"href":"https:\/\/nmedicinas.pt\/pt\/wp-json\/wp\/v2\/users\/1"}],"replies":[{"embeddable":true,"href":"https:\/\/nmedicinas.pt\/pt\/wp-json\/wp\/v2\/comments?post=3494"}],"version-history":[{"count":11,"href":"https:\/\/nmedicinas.pt\/pt\/wp-json\/wp\/v2\/pages\/3494\/revisions"}],"predecessor-version":[{"id":18451,"href":"https:\/\/nmedicinas.pt\/pt\/wp-json\/wp\/v2\/pages\/3494\/revisions\/18451"}],"wp:attachment":[{"href":"https:\/\/nmedicinas.pt\/pt\/wp-json\/wp\/v2\/media?parent=3494"}],"curies":[{"name":"wp","href":"https:\/\/api.w.org\/{rel}","templated":true}]}}